{"id":1650,"date":"2023-08-17T13:18:13","date_gmt":"2023-08-17T18:18:13","guid":{"rendered":"https:\/\/habitan-t.com\/?post_type=product&#038;p=1650"},"modified":"2023-09-11T12:12:22","modified_gmt":"2023-09-11T17:12:22","slug":"camara-bala-ip-5-mpx","status":"publish","type":"product","link":"https:\/\/habitan-t.com\/index.php\/producto\/camara-bala-ip-5-mpx\/","title":{"rendered":"CAMARA BALA IP 5 MPX"},"content":{"rendered":"<p>C\u00c1MARA IP (Resoluci\u00f3n 3K)<\/p>\n<ul>\n<li>LUZ DUAL Y FILTRO ICR<\/li>\n<li>CERTIFICACI\u00d3N IP67 PARA USO EXTERIOR<\/li>\n<li>SON CONTROLABLES DESDE TU CELULAR<\/li>\n<li>COMPATIBLE CON NVR Y DVR CON CANALES IP<\/li>\n<\/ul>\n<div style='text-align:center' class='yasr-auto-insert-visitor'><\/div>","protected":false},"excerpt":{"rendered":"<p>C\u00c1MARA IP (Resoluci\u00f3n 3K)<\/p>\n<ul>\n<li>LUZ DUAL Y FILTRO ICR<\/li>\n<li>CERTIFICACI\u00d3N IP67 PARA USO EXTERIOR<\/li>\n<li>SON CONTROLABLES DESDE TU CELULAR<\/li>\n<li>COMPATIBLE CON NVR Y DVR CON CANALES IP<\/li>\n<\/ul>\n","protected":false},"featured_media":1651,"comment_status":"open","ping_status":"closed","template":"","meta":{"_uag_custom_page_level_css":"","site-sidebar-layout":"default","site-content-layout":"default","ast-site-content-layout":"default","site-content-style":"default","site-sidebar-style":"default","ast-global-header-display":"","ast-banner-title-visibility":"","ast-main-header-display":"","ast-hfb-above-header-display":"","ast-hfb-below-header-display":"","ast-hfb-mobile-header-display":"","site-post-title":"","ast-breadcrumbs-content":"","ast-featured-img":"","footer-sml-layout":"","theme-transparent-header-meta":"default","adv-header-id-meta":"","stick-header-meta":"","header-above-stick-meta":"","header-main-stick-meta":"","header-below-stick-meta":"","astra-migrate-meta-layouts":"set","yasr_overall_rating":0,"yasr_post_is_review":"","yasr_auto_insert_disabled":"","yasr_review_type":""},"product_cat":[66,65],"product_tag":[],"yasr_visitor_votes":{"stars_attributes":{"read_only":false,"span_bottom":false},"number_of_votes":0,"sum_votes":0},"uagb_featured_image_src":{"full":["https:\/\/habitan-t.com\/wp-content\/uploads\/2023\/08\/CAMARA-BALA-IP-5-MPX.png",594,495,false],"thumbnail":["https:\/\/habitan-t.com\/wp-content\/uploads\/2023\/08\/CAMARA-BALA-IP-5-MPX-150x150.png",150,150,true],"medium":["https:\/\/habitan-t.com\/wp-content\/uploads\/2023\/08\/CAMARA-BALA-IP-5-MPX-300x250.png",300,250,true],"medium_large":["https:\/\/habitan-t.com\/wp-content\/uploads\/2023\/08\/CAMARA-BALA-IP-5-MPX.png",594,495,false],"large":["https:\/\/habitan-t.com\/wp-content\/uploads\/2023\/08\/CAMARA-BALA-IP-5-MPX.png",594,495,false],"1536x1536":["https:\/\/habitan-t.com\/wp-content\/uploads\/2023\/08\/CAMARA-BALA-IP-5-MPX.png",594,495,false],"2048x2048":["https:\/\/habitan-t.com\/wp-content\/uploads\/2023\/08\/CAMARA-BALA-IP-5-MPX.png",594,495,false],"mailpoet_newsletter_max":["https:\/\/habitan-t.com\/wp-content\/uploads\/2023\/08\/CAMARA-BALA-IP-5-MPX.png",594,495,false],"woocommerce_thumbnail":["https:\/\/habitan-t.com\/wp-content\/uploads\/2023\/08\/CAMARA-BALA-IP-5-MPX-300x300.png",300,300,true],"woocommerce_single":["https:\/\/habitan-t.com\/wp-content\/uploads\/2023\/08\/CAMARA-BALA-IP-5-MPX.png",594,495,false],"woocommerce_gallery_thumbnail":["https:\/\/habitan-t.com\/wp-content\/uploads\/2023\/08\/CAMARA-BALA-IP-5-MPX-100x100.png",100,100,true]},"uagb_author_info":{"display_name":"gintec.development","author_link":"https:\/\/habitan-t.com\/index.php\/author\/"},"uagb_comment_info":0,"uagb_excerpt":"C\u00c1MARA IP (Resoluci\u00f3n 3K) LUZ DUAL Y FILTRO ICR CERTIFICACI\u00d3N IP67 PARA USO EXTERIOR SON CONTROLABLES DESDE TU CELULAR COMPATIBLE CON NVR Y DVR CON CANALES IP","_links":{"self":[{"href":"https:\/\/habitan-t.com\/index.php\/wp-json\/wp\/v2\/product\/1650"}],"collection":[{"href":"https:\/\/habitan-t.com\/index.php\/wp-json\/wp\/v2\/product"}],"about":[{"href":"https:\/\/habitan-t.com\/index.php\/wp-json\/wp\/v2\/types\/product"}],"replies":[{"embeddable":true,"href":"https:\/\/habitan-t.com\/index.php\/wp-json\/wp\/v2\/comments?post=1650"}],"version-history":[{"count":1,"href":"https:\/\/habitan-t.com\/index.php\/wp-json\/wp\/v2\/product\/1650\/revisions"}],"predecessor-version":[{"id":1652,"href":"https:\/\/habitan-t.com\/index.php\/wp-json\/wp\/v2\/product\/1650\/revisions\/1652"}],"wp:featuredmedia":[{"embeddable":true,"href":"https:\/\/habitan-t.com\/index.php\/wp-json\/wp\/v2\/media\/1651"}],"wp:attachment":[{"href":"https:\/\/habitan-t.com\/index.php\/wp-json\/wp\/v2\/media?parent=1650"}],"wp:term":[{"taxonomy":"product_cat","embeddable":true,"href":"https:\/\/habitan-t.com\/index.php\/wp-json\/wp\/v2\/product_cat?post=1650"},{"taxonomy":"product_tag","embeddable":true,"href":"https:\/\/habitan-t.com\/index.php\/wp-json\/wp\/v2\/product_tag?post=1650"}],"curies":[{"name":"wp","href":"https:\/\/api.w.org\/{rel}","templated":true}]}}