{"id":1512,"date":"2023-08-10T14:34:04","date_gmt":"2023-08-10T19:34:04","guid":{"rendered":"https:\/\/habitan-t.com\/?post_type=product&#038;p=1512"},"modified":"2023-09-12T11:04:52","modified_gmt":"2023-09-12T16:04:52","slug":"camara-turbo-5mpx-cv","status":"publish","type":"product","link":"https:\/\/habitan-t.com\/index.php\/producto\/camara-turbo-5mpx-cv\/","title":{"rendered":"CAMARA TURBO 5MPX-CV"},"content":{"rendered":"<p>C\u00c1MARA ANALOGA (Resoluci\u00f3n 4K)<\/p>\n<ul>\n<li>COLOR DE D\u00cdA Y NOCHE (COLOR VU)<\/li>\n<li>CERTIFICACI\u00d3N IP67 PARA USO INTERIOR<\/li>\n<li>40 METROS IR EXIR<\/li>\n<li>FABRICADO EN META<\/li>\n<\/ul>\n<div style='text-align:center' class='yasr-auto-insert-visitor'><\/div>","protected":false},"excerpt":{"rendered":"<p>C\u00c1MARA ANALOGA (Resoluci\u00f3n 4K)<\/p>\n<ul>\n<li>COLOR DE D\u00cdA Y NOCHE (COLOR VU)<\/li>\n<li>CERTIFICACI\u00d3N IP67 PARA USO INTERIOR<\/li>\n<li>40 METROS IR EXIR<\/li>\n<li>FABRICADO EN META<\/li>\n<\/ul>\n","protected":false},"featured_media":1513,"comment_status":"open","ping_status":"closed","template":"","meta":{"_uag_custom_page_level_css":"","site-sidebar-layout":"default","site-content-layout":"default","ast-site-content-layout":"default","site-content-style":"default","site-sidebar-style":"default","ast-global-header-display":"","ast-banner-title-visibility":"","ast-main-header-display":"","ast-hfb-above-header-display":"","ast-hfb-below-header-display":"","ast-hfb-mobile-header-display":"","site-post-title":"","ast-breadcrumbs-content":"","ast-featured-img":"","footer-sml-layout":"","theme-transparent-header-meta":"default","adv-header-id-meta":"","stick-header-meta":"","header-above-stick-meta":"","header-main-stick-meta":"","header-below-stick-meta":"","astra-migrate-meta-layouts":"set","yasr_overall_rating":0,"yasr_post_is_review":"","yasr_auto_insert_disabled":"","yasr_review_type":""},"product_cat":[23,66,65],"product_tag":[24,30,25],"yasr_visitor_votes":{"stars_attributes":{"read_only":false,"span_bottom":false},"number_of_votes":0,"sum_votes":0},"uagb_featured_image_src":{"full":["https:\/\/habitan-t.com\/wp-content\/uploads\/2023\/08\/Picture1.png",696,607,false],"thumbnail":["https:\/\/habitan-t.com\/wp-content\/uploads\/2023\/08\/Picture1-150x150.png",150,150,true],"medium":["https:\/\/habitan-t.com\/wp-content\/uploads\/2023\/08\/Picture1-300x262.png",300,262,true],"medium_large":["https:\/\/habitan-t.com\/wp-content\/uploads\/2023\/08\/Picture1.png",696,607,false],"large":["https:\/\/habitan-t.com\/wp-content\/uploads\/2023\/08\/Picture1.png",696,607,false],"1536x1536":["https:\/\/habitan-t.com\/wp-content\/uploads\/2023\/08\/Picture1.png",696,607,false],"2048x2048":["https:\/\/habitan-t.com\/wp-content\/uploads\/2023\/08\/Picture1.png",696,607,false],"mailpoet_newsletter_max":["https:\/\/habitan-t.com\/wp-content\/uploads\/2023\/08\/Picture1.png",696,607,false],"woocommerce_thumbnail":["https:\/\/habitan-t.com\/wp-content\/uploads\/2023\/08\/Picture1-300x300.png",300,300,true],"woocommerce_single":["https:\/\/habitan-t.com\/wp-content\/uploads\/2023\/08\/Picture1-600x523.png",600,523,true],"woocommerce_gallery_thumbnail":["https:\/\/habitan-t.com\/wp-content\/uploads\/2023\/08\/Picture1-100x100.png",100,100,true]},"uagb_author_info":{"display_name":"gintec.development","author_link":"https:\/\/habitan-t.com\/index.php\/author\/"},"uagb_comment_info":0,"uagb_excerpt":"C\u00c1MARA ANALOGA (Resoluci\u00f3n 4K) COLOR DE D\u00cdA Y NOCHE (COLOR VU) CERTIFICACI\u00d3N IP67 PARA USO INTERIOR 40 METROS IR EXIR FABRICADO EN META","_links":{"self":[{"href":"https:\/\/habitan-t.com\/index.php\/wp-json\/wp\/v2\/product\/1512"}],"collection":[{"href":"https:\/\/habitan-t.com\/index.php\/wp-json\/wp\/v2\/product"}],"about":[{"href":"https:\/\/habitan-t.com\/index.php\/wp-json\/wp\/v2\/types\/product"}],"replies":[{"embeddable":true,"href":"https:\/\/habitan-t.com\/index.php\/wp-json\/wp\/v2\/comments?post=1512"}],"version-history":[{"count":1,"href":"https:\/\/habitan-t.com\/index.php\/wp-json\/wp\/v2\/product\/1512\/revisions"}],"predecessor-version":[{"id":1514,"href":"https:\/\/habitan-t.com\/index.php\/wp-json\/wp\/v2\/product\/1512\/revisions\/1514"}],"wp:featuredmedia":[{"embeddable":true,"href":"https:\/\/habitan-t.com\/index.php\/wp-json\/wp\/v2\/media\/1513"}],"wp:attachment":[{"href":"https:\/\/habitan-t.com\/index.php\/wp-json\/wp\/v2\/media?parent=1512"}],"wp:term":[{"taxonomy":"product_cat","embeddable":true,"href":"https:\/\/habitan-t.com\/index.php\/wp-json\/wp\/v2\/product_cat?post=1512"},{"taxonomy":"product_tag","embeddable":true,"href":"https:\/\/habitan-t.com\/index.php\/wp-json\/wp\/v2\/product_tag?post=1512"}],"curies":[{"name":"wp","href":"https:\/\/api.w.org\/{rel}","templated":true}]}}