{"id":1316,"date":"2023-07-20T12:26:38","date_gmt":"2023-07-20T17:26:38","guid":{"rendered":"https:\/\/habitan-t.com\/?post_type=product&#038;p=1316"},"modified":"2023-09-12T11:08:57","modified_gmt":"2023-09-12T16:08:57","slug":"kit-turbohd-1080p-dvr-16-canales-16-camaras-bala-exterior-2-8-mm-transceptores-conectores-fuente-de-poder-profesional","status":"publish","type":"product","link":"https:\/\/habitan-t.com\/index.php\/producto\/kit-turbohd-1080p-dvr-16-canales-16-camaras-bala-exterior-2-8-mm-transceptores-conectores-fuente-de-poder-profesional\/","title":{"rendered":"KIT 16 TURBOHD 1080P"},"content":{"rendered":"<p>DVR + 16 C\u00c1MARAS 2MPX PARA USO MIXTO<\/p>\n<ul>\n<li>C\u00c1MARAS TIPO BALA AN\u00c1LOGAS 16 CANALES<\/li>\n<li>INCLUYE ACCESORIOS PARA SU INSTALACI\u00d3N<\/li>\n<li>SON CONTROLABLES DESDE TU CELULAR<\/li>\n<li>NO INCLUYE DISCO DURO<\/li>\n<\/ul>\n<div style='text-align:center' class='yasr-auto-insert-visitor'><\/div>","protected":false},"excerpt":{"rendered":"<p>DVR + 16 C\u00c1MARAS 2MPX PARA USO MIXTO<\/p>\n<ul>\n<li>C\u00c1MARAS TIPO BALA AN\u00c1LOGAS 16 CANALES<\/li>\n<li>INCLUYE ACCESORIOS PARA SU INSTALACI\u00d3N<\/li>\n<li>SON CONTROLABLES DESDE TU CELULAR<\/li>\n<li>NO INCLUYE DISCO DURO<\/li>\n<\/ul>\n","protected":false},"featured_media":1372,"comment_status":"open","ping_status":"closed","template":"","meta":{"_uag_custom_page_level_css":"","site-sidebar-layout":"default","site-content-layout":"default","ast-site-content-layout":"default","site-content-style":"default","site-sidebar-style":"default","ast-global-header-display":"","ast-banner-title-visibility":"","ast-main-header-display":"","ast-hfb-above-header-display":"","ast-hfb-below-header-display":"","ast-hfb-mobile-header-display":"","site-post-title":"","ast-breadcrumbs-content":"","ast-featured-img":"","footer-sml-layout":"","theme-transparent-header-meta":"default","adv-header-id-meta":"","stick-header-meta":"","header-above-stick-meta":"","header-main-stick-meta":"","header-below-stick-meta":"","astra-migrate-meta-layouts":"set","yasr_overall_rating":0,"yasr_post_is_review":"","yasr_auto_insert_disabled":"","yasr_review_type":""},"product_cat":[23,66,29,65],"product_tag":[24,44,36,30,25],"yasr_visitor_votes":{"stars_attributes":{"read_only":false,"span_bottom":false},"number_of_votes":0,"sum_votes":0},"uagb_featured_image_src":{"full":["https:\/\/habitan-t.com\/wp-content\/uploads\/2023\/07\/Picture1.png",720,720,false],"thumbnail":["https:\/\/habitan-t.com\/wp-content\/uploads\/2023\/07\/Picture1-150x150.png",150,150,true],"medium":["https:\/\/habitan-t.com\/wp-content\/uploads\/2023\/07\/Picture1-300x300.png",300,300,true],"medium_large":["https:\/\/habitan-t.com\/wp-content\/uploads\/2023\/07\/Picture1.png",720,720,false],"large":["https:\/\/habitan-t.com\/wp-content\/uploads\/2023\/07\/Picture1.png",720,720,false],"1536x1536":["https:\/\/habitan-t.com\/wp-content\/uploads\/2023\/07\/Picture1.png",720,720,false],"2048x2048":["https:\/\/habitan-t.com\/wp-content\/uploads\/2023\/07\/Picture1.png",720,720,false],"mailpoet_newsletter_max":["https:\/\/habitan-t.com\/wp-content\/uploads\/2023\/07\/Picture1.png",720,720,false],"woocommerce_thumbnail":["https:\/\/habitan-t.com\/wp-content\/uploads\/2023\/07\/Picture1-300x300.png",300,300,true],"woocommerce_single":["https:\/\/habitan-t.com\/wp-content\/uploads\/2023\/07\/Picture1-600x600.png",600,600,true],"woocommerce_gallery_thumbnail":["https:\/\/habitan-t.com\/wp-content\/uploads\/2023\/07\/Picture1-100x100.png",100,100,true]},"uagb_author_info":{"display_name":"gintec.development","author_link":"https:\/\/habitan-t.com\/index.php\/author\/"},"uagb_comment_info":0,"uagb_excerpt":"DVR + 16 C\u00c1MARAS 2MPX PARA USO MIXTO C\u00c1MARAS TIPO BALA AN\u00c1LOGAS 16 CANALES INCLUYE ACCESORIOS PARA SU INSTALACI\u00d3N SON CONTROLABLES DESDE TU CELULAR NO INCLUYE DISCO DURO","_links":{"self":[{"href":"https:\/\/habitan-t.com\/index.php\/wp-json\/wp\/v2\/product\/1316"}],"collection":[{"href":"https:\/\/habitan-t.com\/index.php\/wp-json\/wp\/v2\/product"}],"about":[{"href":"https:\/\/habitan-t.com\/index.php\/wp-json\/wp\/v2\/types\/product"}],"replies":[{"embeddable":true,"href":"https:\/\/habitan-t.com\/index.php\/wp-json\/wp\/v2\/comments?post=1316"}],"version-history":[{"count":6,"href":"https:\/\/habitan-t.com\/index.php\/wp-json\/wp\/v2\/product\/1316\/revisions"}],"predecessor-version":[{"id":1618,"href":"https:\/\/habitan-t.com\/index.php\/wp-json\/wp\/v2\/product\/1316\/revisions\/1618"}],"wp:featuredmedia":[{"embeddable":true,"href":"https:\/\/habitan-t.com\/index.php\/wp-json\/wp\/v2\/media\/1372"}],"wp:attachment":[{"href":"https:\/\/habitan-t.com\/index.php\/wp-json\/wp\/v2\/media?parent=1316"}],"wp:term":[{"taxonomy":"product_cat","embeddable":true,"href":"https:\/\/habitan-t.com\/index.php\/wp-json\/wp\/v2\/product_cat?post=1316"},{"taxonomy":"product_tag","embeddable":true,"href":"https:\/\/habitan-t.com\/index.php\/wp-json\/wp\/v2\/product_tag?post=1316"}],"curies":[{"name":"wp","href":"https:\/\/api.w.org\/{rel}","templated":true}]}}