{"id":1302,"date":"2023-07-19T11:31:36","date_gmt":"2023-07-19T16:31:36","guid":{"rendered":"https:\/\/habitan-t.com\/?post_type=product&#038;p=1302"},"modified":"2023-09-11T12:23:56","modified_gmt":"2023-09-11T17:23:56","slug":"kit-colorvu-turbohd-1080p-dvr-4-canales-4-camaras-bala-exterior-lente-2-8mm-fuente-de-poder-profesional-transceptores-de-video-y-accesorios-de-corriente","status":"publish","type":"product","link":"https:\/\/habitan-t.com\/index.php\/producto\/kit-colorvu-turbohd-1080p-dvr-4-canales-4-camaras-bala-exterior-lente-2-8mm-fuente-de-poder-profesional-transceptores-de-video-y-accesorios-de-corriente\/","title":{"rendered":"KIT 4 COLORVU 1080P-E"},"content":{"rendered":"<p>DVR+ 4 C\u00c1MARAS 2MPX PARA EXTERIOR<\/p>\n<ul>\n<li>C\u00c1MARAS TIPO BALA A COLOR D\u00cdA Y NOCHE<\/li>\n<li>INCLUYE ACCESORIOS PARA SU INSTALACI\u00d3N<\/li>\n<li>SON CONTROLABLES DESDE TU CELULAR<\/li>\n<li>NO INCLUYE DISCO DURO<\/li>\n<\/ul>\n<div style='text-align:center' class='yasr-auto-insert-visitor'><\/div>","protected":false},"excerpt":{"rendered":"<p>DVR+ 4 C\u00c1MARAS 2MPX PARA EXTERIOR<\/p>\n<ul>\n<li>C\u00c1MARAS TIPO BALA A COLOR D\u00cdA Y NOCHE<\/li>\n<li>INCLUYE ACCESORIOS PARA SU INSTALACI\u00d3N<\/li>\n<li>SON CONTROLABLES DESDE TU CELULAR<\/li>\n<li>NO INCLUYE DISCO DURO<\/li>\n<\/ul>\n","protected":false},"featured_media":1303,"comment_status":"open","ping_status":"closed","template":"","meta":{"_uag_custom_page_level_css":"","site-sidebar-layout":"default","site-content-layout":"default","ast-site-content-layout":"default","site-content-style":"default","site-sidebar-style":"default","ast-global-header-display":"","ast-banner-title-visibility":"","ast-main-header-display":"","ast-hfb-above-header-display":"","ast-hfb-below-header-display":"","ast-hfb-mobile-header-display":"","site-post-title":"","ast-breadcrumbs-content":"","ast-featured-img":"","footer-sml-layout":"","theme-transparent-header-meta":"default","adv-header-id-meta":"","stick-header-meta":"","header-above-stick-meta":"","header-main-stick-meta":"","header-below-stick-meta":"","astra-migrate-meta-layouts":"set","yasr_overall_rating":0,"yasr_post_is_review":"","yasr_auto_insert_disabled":"","yasr_review_type":""},"product_cat":[66,29,65],"product_tag":[],"yasr_visitor_votes":{"stars_attributes":{"read_only":false,"span_bottom":false},"number_of_votes":0,"sum_votes":0},"uagb_featured_image_src":{"full":["https:\/\/habitan-t.com\/wp-content\/uploads\/2023\/07\/10.png",1000,1000,false],"thumbnail":["https:\/\/habitan-t.com\/wp-content\/uploads\/2023\/07\/10-150x150.png",150,150,true],"medium":["https:\/\/habitan-t.com\/wp-content\/uploads\/2023\/07\/10-300x300.png",300,300,true],"medium_large":["https:\/\/habitan-t.com\/wp-content\/uploads\/2023\/07\/10-768x768.png",768,768,true],"large":["https:\/\/habitan-t.com\/wp-content\/uploads\/2023\/07\/10.png",1000,1000,false],"1536x1536":["https:\/\/habitan-t.com\/wp-content\/uploads\/2023\/07\/10.png",1000,1000,false],"2048x2048":["https:\/\/habitan-t.com\/wp-content\/uploads\/2023\/07\/10.png",1000,1000,false],"mailpoet_newsletter_max":["https:\/\/habitan-t.com\/wp-content\/uploads\/2023\/07\/10.png",1000,1000,false],"woocommerce_thumbnail":["https:\/\/habitan-t.com\/wp-content\/uploads\/2023\/07\/10-300x300.png",300,300,true],"woocommerce_single":["https:\/\/habitan-t.com\/wp-content\/uploads\/2023\/07\/10-600x600.png",600,600,true],"woocommerce_gallery_thumbnail":["https:\/\/habitan-t.com\/wp-content\/uploads\/2023\/07\/10-100x100.png",100,100,true]},"uagb_author_info":{"display_name":"gintec.development","author_link":"https:\/\/habitan-t.com\/index.php\/author\/"},"uagb_comment_info":0,"uagb_excerpt":"DVR+ 4 C\u00c1MARAS 2MPX PARA EXTERIOR C\u00c1MARAS TIPO BALA A COLOR D\u00cdA Y NOCHE INCLUYE ACCESORIOS PARA SU INSTALACI\u00d3N SON CONTROLABLES DESDE TU CELULAR NO INCLUYE DISCO DURO","_links":{"self":[{"href":"https:\/\/habitan-t.com\/index.php\/wp-json\/wp\/v2\/product\/1302"}],"collection":[{"href":"https:\/\/habitan-t.com\/index.php\/wp-json\/wp\/v2\/product"}],"about":[{"href":"https:\/\/habitan-t.com\/index.php\/wp-json\/wp\/v2\/types\/product"}],"replies":[{"embeddable":true,"href":"https:\/\/habitan-t.com\/index.php\/wp-json\/wp\/v2\/comments?post=1302"}],"version-history":[{"count":4,"href":"https:\/\/habitan-t.com\/index.php\/wp-json\/wp\/v2\/product\/1302\/revisions"}],"predecessor-version":[{"id":1613,"href":"https:\/\/habitan-t.com\/index.php\/wp-json\/wp\/v2\/product\/1302\/revisions\/1613"}],"wp:featuredmedia":[{"embeddable":true,"href":"https:\/\/habitan-t.com\/index.php\/wp-json\/wp\/v2\/media\/1303"}],"wp:attachment":[{"href":"https:\/\/habitan-t.com\/index.php\/wp-json\/wp\/v2\/media?parent=1302"}],"wp:term":[{"taxonomy":"product_cat","embeddable":true,"href":"https:\/\/habitan-t.com\/index.php\/wp-json\/wp\/v2\/product_cat?post=1302"},{"taxonomy":"product_tag","embeddable":true,"href":"https:\/\/habitan-t.com\/index.php\/wp-json\/wp\/v2\/product_tag?post=1302"}],"curies":[{"name":"wp","href":"https:\/\/api.w.org\/{rel}","templated":true}]}}