{"id":558,"date":"2022-11-01T12:13:26","date_gmt":"2022-11-01T18:13:26","guid":{"rendered":"https:\/\/habitan-t.com\/?page_id=558"},"modified":"2023-04-28T11:52:08","modified_gmt":"2023-04-28T16:52:08","slug":"terminos-y-condiciones","status":"publish","type":"page","link":"https:\/\/habitan-t.com\/index.php\/terminos-y-condiciones\/","title":{"rendered":"Terminos y condiciones"},"content":{"rendered":"\t\t<div data-elementor-type=\"wp-page\" data-elementor-id=\"558\" class=\"elementor elementor-558\">\n\t\t\t\t\t\t\t\t\t<section class=\"elementor-section elementor-top-section elementor-element elementor-element-931c071 elementor-section-boxed elementor-section-height-default elementor-section-height-default\" data-id=\"931c071\" data-element_type=\"section\">\n\t\t\t\t\t\t<div class=\"elementor-container elementor-column-gap-default\">\n\t\t\t\t\t<div class=\"elementor-column elementor-col-100 elementor-top-column elementor-element elementor-element-b396cbd\" data-id=\"b396cbd\" data-element_type=\"column\">\n\t\t\t<div class=\"elementor-widget-wrap elementor-element-populated\">\n\t\t\t\t\t\t\t\t<div class=\"elementor-element elementor-element-c7e4766 elementor-widget elementor-widget-text-editor\" data-id=\"c7e4766\" data-element_type=\"widget\" data-widget_type=\"text-editor.default\">\n\t\t\t\t<div class=\"elementor-widget-container\">\n\t\t\t<style>\/*! elementor - v3.6.2 - 04-04-2022 *\/\n.elementor-widget-text-editor.elementor-drop-cap-view-stacked .elementor-drop-cap{background-color:#818a91;color:#fff}.elementor-widget-text-editor.elementor-drop-cap-view-framed .elementor-drop-cap{color:#818a91;border:3px solid;background-color:transparent}.elementor-widget-text-editor:not(.elementor-drop-cap-view-default) .elementor-drop-cap{margin-top:8px}.elementor-widget-text-editor:not(.elementor-drop-cap-view-default) .elementor-drop-cap-letter{width:1em;height:1em}.elementor-widget-text-editor .elementor-drop-cap{float:left;text-align:center;line-height:1;font-size:50px}.elementor-widget-text-editor .elementor-drop-cap-letter{display:inline-block}<\/style>\t\t\t\t<h4><strong>T\u00e9rminos y Condiciones<\/strong><\/h4><p>\u00daltima modificaci\u00f3n: octubre de 2022.<\/p><p>Por medio del presente escrito se establecen los t\u00e9rminos y condiciones de uso de los contenidos y operaciones de la aplicaci\u00f3n m\u00f3vil HABITAN-T y dentro del sitio web https:\/\/app.habitan-t.com\/ y otros dominios, en adelante, la APLICACI\u00d3N.<br \/>Esta APLICACI\u00d3N es propiedad y est\u00e1 operada por Gintec Aply S.A. de C.V., con oficinas ubicadas en calle Campo Deportivo n\u00famero 107, Colonia Santa Julia, Pachuca de Soto, Hidalgo, C.P. 42080, M\u00e9xico.<br \/>Adem\u00e1s, hacemos de tu conocimiento que, en la APLICACI\u00d3N, podemos hacer uso de palabras o terminaciones como: \u201cnosotros\u201d, \u201cnos\u201d, \u201cnuestro\u201d, u otros similares, as\u00ed como \u201cHabitan-T\u201d y \u201cGintec Aply S.A. de C.V. de Grupo \u00cdndigo\u201d, para referirnos a GINTEC APLY S.A. DE C.V.<br \/>Al referirnos a App Habitan-t, lo haremos a la aplicaci\u00f3n disponible para su descarga en los siguientes enlaces:<\/p><p>https:\/\/play.google.com\/store\/apps\/details?id=com.gintec.habitant&hl=es_419<\/p><p>https:\/\/apps.apple.com\/mx\/app\/habitan-t\/id1350004320<\/p><p>https:\/\/appgallery.huawei.com\/app\/C103065043?sharePrepath=ag&amp;locale=es_US&amp;source=appshare&amp;subsource=C103065043&amp;shareTo=com.android.bluetooth&amp;shareFrom=appmarket<br \/>\u00c9nfasis de la APLICACI\u00d3N<br \/>La APLICACI\u00d3N est\u00e1 dise\u00f1ada para la administraci\u00f3n de condominios (fraccionamientos\/residenciales), tanto como para vecinos, vigilantes, mesa directiva y administradores; ofreciendo como funciones principales: control de pagos, control de accesos, S.O.S., reservaciones de \u00e1reas comunes, votaciones, avisos, soporte, enlaces con vigilancia y administraci\u00f3n del condominio, entre otros; adem\u00e1s de poder ser empleado en diferentes perfiles seg\u00fan la propiedad que selecciones; con esto ofrecemos mayores facilidades en la administraci\u00f3n de condominios y para mejorar el aumento de recaudaci\u00f3n de cuotas y participaci\u00f3n de los vecinos.<br \/>Aplicabilidad.<br \/>El uso de la APLICACI\u00d3N o de cualquiera de sus componentes, implica la aceptaci\u00f3n expresa de los \u201cT\u00e9rminos y Condiciones\u201d y de su \u201cAviso de Privacidad\u201d.<br \/>Estos \u201cT\u00e9rminos y Condiciones\u201d aplican a todos los usuarios de la APLICACI\u00d3N, se adquiere la calidad de usuario con el solo hecho de acceder a la APLICACI\u00d3N y\/o realizar su registro de usuario. En caso de no estar de acuerdo con la totalidad de los \u201cT\u00e9rminos y Condiciones\u201d deber\u00e1s de abstenerte de acceder, utilizar y observar la APLICACI\u00d3N.<br \/>Cualquier funcionalidad o contenido que se a\u00f1ada al sitio web actual, estar\u00e1 sujeto a sus \u201cT\u00e9rminos y Condiciones\u201d vigentes.<br \/>Forma de ingresar.<br \/>La forma de ingresar a la APLICACI\u00d3N ser\u00e1 a trav\u00e9s de un correo electr\u00f3nico y una contrase\u00f1a.<br \/>La contrase\u00f1a ser\u00e1 creada por el usuario y ser\u00e1 confidencial, no habr\u00e1 registro de ella en nuestros sistemas, adem\u00e1s ser\u00e1 intransferible, pues el titular de la cuenta ser\u00e1 el responsable de cualquier acci\u00f3n en perjuicio de Gintec Aply S.A. de C.V. o de terceros, originada desde su cuenta.<br \/>Perfiles de usuario en la APLICACI\u00d3N.<br \/>El usuario podr\u00e1 actuar en calidad de Vecino o Administrador\/Mesa Directiva, se diferenciar\u00e1n de conformidad con las funcionalidades de cada uno.<br \/>En relaci\u00f3n con las funcionalidades de cada tipo de usuario, cada uno deber\u00e1 ser responsable de guardar cuidado del alcance de sus funciones, evitando generar da\u00f1os y perjuicios en contra de terceros o de Gintec Aply S.A. de C.V.<br \/>Sobre el uso de la APLICACI\u00d3N.<br \/>Son obligaciones del usuario,<br \/>Evitar:<br \/>1. Da\u00f1ar, inutilizar o deteriorar los sistemas inform\u00e1ticos de la aplicaci\u00f3n, ni los contenidos incorporados y\/o almacenados en \u00e9ste;<br \/>2. Pedir a otros que realicen o participen en actos il\u00edcitos;<br \/>3. Infringir o violar el derecho de propiedad intelectual de Gintec Aply S.A. de C.V. o de terceros;<br \/>4. Acosar, abusar, insultar, da\u00f1ar, difamar, calumniar, desprestigiar, intimidar o discriminar por razones de g\u00e9nero, orientaci\u00f3n sexual, religi\u00f3n, etnia, raza, edad, nacionalidad o discapacidad;<br \/>5. Presentar informaci\u00f3n falsa o enga\u00f1osa;<br \/>6. Cargar o transmitir virus o cualquier otro tipo de c\u00f3digo malicioso que sea o pueda ser utilizado para alterar total o parcialmente el funcionamiento normal de la aplicaci\u00f3n;<br \/>7. Recopilar o rastrear informaci\u00f3n personal de otros;<br \/>8. Cualquier prop\u00f3sito obsceno o inmoral, inapropiado, difamatorio o que pudiera resultar violatorio de los derechos de cualquier tercero o resulte contrario a las pol\u00edticas generales de la aplicaci\u00f3n m\u00f3vil y\/o al ordenamiento jur\u00eddico vigente;<br \/>9. Interferir o burlar los elementos de seguridad de la aplicaci\u00f3n; o<br \/>10. Realizar cualquier tipo de copia, distribuci\u00f3n, transmisi\u00f3n, retransmisi\u00f3n, publicaci\u00f3n, impresi\u00f3n, difusi\u00f3n y\/o explotaci\u00f3n comercial del material y\/o contenido puesto a disposici\u00f3n de los usuarios a trav\u00e9s de la aplicaci\u00f3n, sin el previo consentimiento expreso y por escrito de Gintec Aply S.A. de C.V. o, en su caso, del titular de los derechos de propiedad correspondientes.<br \/>Adem\u00e1s, el usuario ser\u00e1 responsable de:<br \/>1. Realizar el mantenimiento de aparatos telef\u00f3nicos, tabletas y cualquier otro equipo o dispositivo que pudieran ser necesarios para el perfecto acceso al uso de la aplicaci\u00f3n.<br \/>2. De eventuales da\u00f1os que su equipo pudiera sufrir debido al mal uso de cualquier hardware, software o conexiones.<br \/>3. Sacar en paz y a salvo a Gintec Aply S.A. de C.V., sus empresas afiliadas, sus proveedores o terceros que colaboren con Gintec Aply S.A. de C.V., por cualquier reclamaci\u00f3n, proceso, acci\u00f3n, u cualquier otra responsabilidad inclusive honorarios jur\u00eddicos, derivados de su uso o de la utilizaci\u00f3n indebida de la aplicaci\u00f3n, de la violaci\u00f3n de estos \u201cT\u00e9rminos y Condiciones\u201d, la violaci\u00f3n de los derechos de cualquier otra persona o entidad, o cualquier violaci\u00f3n de las declaraciones, garant\u00edas y acuerdos hechos aqu\u00ed por el usuario; as\u00ed como indemnizarlos por los da\u00f1os y perjuicios que correspondieren.<br \/>Al hacer uso de la APLICACI\u00d3N aceptas como usuario sin responsabilidad para Gintec Aply S.A. de C.V., que:<br \/>1. La aplicaci\u00f3n puede, eventualmente, no estar disponible debido a dificultades t\u00e9cnicas o fallas de Internet, o por cualquier otra circunstancia ajena a Gintec Aply S.A. De C.V.; en tales casos, Gintec Aply S.A. de C.V. procurar\u00e1 restablecerla con la mayor celeridad posible sin que por ello pueda imput\u00e1rsele alg\u00fan tipo de responsabilidad. Gintec Aply S.A. de C.V. no ser\u00e1 responsable por ning\u00fan error u omisi\u00f3n contenidos en la aplicaci\u00f3n.<br \/>2. Gintec Aply S.A. de C.V., sus proveedores o terceros colaboradores no garantizan que el uso de la aplicaci\u00f3n y sus complementos sean ininterrumpidas o est\u00e9n libres de errores, que los defectos sean corregidos, o que los servicios o el servidor que los pone a disposici\u00f3n est\u00e9 libre de malware o de otros componentes perjudiciales, por lo que no ser\u00e1n responsables de cualquier p\u00e9rdida, da\u00f1o o perjuicio sufrido por el usuario o cualquier tercero como resultado del uso de la aplicaci\u00f3n o cualquier otra interacci\u00f3n con enlaces a un sitio web diferente.<br \/>3. Gintec Aply S.A. de C.V., tampoco se responsabiliza, en ning\u00fan caso, por fraudes originados fuera o a trav\u00e9s de su sistema y de sus computadoras, principalmente con relaci\u00f3n a informaciones proporcionadas a trav\u00e9s de sus formularios.<br \/>4. Gintec Aply S.A. de C.V., no garantiza la confiabilidad, integridad y exactitud respecto de todo tipo de contenido de la aplicaci\u00f3n.<br \/>Vinculaci\u00f3n hacia y desde aplicaci\u00f3n.<br \/>En la APLICACI\u00d3N podr\u00e1n existir v\u00ednculos a sitios de internet; sin embargo, estos enlaces se proporcionan s\u00f3lo con fines informativos, por lo que los contenidos o recursos de esos sitios de internet, o incluso el tratamiento de datos que en ellos se haga ser\u00e1n responsabilidad exclusiva de quien conforme a la ley sea responsable de su operaci\u00f3n y del tratamiento de datos correspondiente.<br \/>Gintec Aply S.A. de C.V., se deslinda de cualquier responsabilidad que pueda generar al usuario por cualquier uso inadecuado o contrario a los fines de la aplicaci\u00f3n, incluyendo la exclusi\u00f3n de responsabilidad de cualquier perjuicio o da\u00f1o que pueda surgir por el uso de este.<br \/>Comentarios de usuario u otros env\u00edos similares.<br \/>Si, a pedido nuestro, env\u00edas ciertas presentaciones espec\u00edficas (para participar en un concurso) o sin un pedido de nuestra parte env\u00edas ideas creativas, sugerencias, proposiciones, planes, u otros materiales, ya sea en l\u00ednea, por email, por correo postal, o de otra manera (colectivamente, \u2018comentarios\u2019), aceptas que podamos, en cualquier momento, sin restricci\u00f3n, editar, copiar, publicar, distribuir, traducir o utilizar por cualquier medio comentarios que nos hayas enviado. No tenemos ni tendremos ninguna obligaci\u00f3n de mantener ning\u00fan comentario confidencialmente; de pagar compensaci\u00f3n por comentarios; o de responder a comentarios.<br \/>Nosotros podemos, pero no tenemos obligaci\u00f3n de, monitorear, editar o remover contenido que consideremos sea ileg\u00edtimo, ofensivo, amenazante, calumnioso, difamatorio, pornogr\u00e1fico, obsceno u objetable o viole la propiedad intelectual de cualquiera de las partes o los T\u00e9rminos de Servicio.<br \/>Aceptas que tus comentarios no violar\u00e1n los derechos de terceras partes, incluyendo derechos de autor, marca, privacidad, personalidad u otro derecho personal o de propiedad. Asimismo, aceptas que tus comentarios no contienen material difamatorio o ilegal, abusivo u obsceno, o contienen virus inform\u00e1ticos u otro malware que pudiera, de alguna manera, afectar el funcionamiento del Servicio o de cualquier sitio web relacionado. No puedes utilizar una direcci\u00f3n de correo electr\u00f3nico falsa, usar otra identidad que no sea leg\u00edtima, o enga\u00f1ar a terceras partes o a nosotros en cuanto al origen de tus comentarios. Tu eres el \u00fanico responsable por los comentarios que haces y su precisi\u00f3n. No nos hacemos responsables y no asumimos ninguna obligaci\u00f3n con respecto a los comentarios publicados por ti o cualquier tercer parte.<br \/>Responsabilidad.<br \/>Nosotros solamente seremos responsables del tratamiento y uso de los datos personales que recabemos en forma directa a trav\u00e9s de la APLICACI\u00d3N, de conformidad con nuestro \u201cAviso de Privacidad\u201d disponible para su consulta en la misma APLICACI\u00d3N.<br \/>Sin embargo, si el usuario ya sea en su calidad de Vecino o a\u00fan de Administrador\/Mesa Directiva hace mal uso de los datos personales puestos a su disposici\u00f3n con motivo de sus funcionalidades en la aplicaci\u00f3n, Gintec Aply S.A. de C.V. podr\u00e1 seguir las acciones legales que correspondan por da\u00f1os y perjuicios que esto pudiera causar.<br \/>Seguridad de la Aplicaci\u00f3n Habitan-T.<br \/>La aplicaci\u00f3n cuenta con medidas de seguridad de la informaci\u00f3n para brindarte un servicio seguro, protegiendo tus datos personales e informaci\u00f3n en cumplimiento del marco jur\u00eddico correspondiente.<br \/>En Gintec Aply S.A. de C.V., comprobamos y ponemos a prueba todas las etapas de la producci\u00f3n de la aplicaci\u00f3n y realizamos evaluaci\u00f3n constante de la misma.<br \/>Entre otras medidas de seguridad administrativas, t\u00e9cnicas y f\u00edsicas, Gintec Aply S.A. de C.V., utiliza el protocolo HTTPS para brindarte seguridad en el uso de la aplicaci\u00f3n y sus complementos.<br \/>Sin embargo, debes tomar tus propias precauciones para asegurar que, durante el acceso al mismo, no te expongas a riesgos inform\u00e1ticos, virus inform\u00e1ticos, c\u00f3digo inform\u00e1tico malicioso u otras formas de amenazas inform\u00e1ticas, que puedan da\u00f1ar tu equipo de c\u00f3mputo o dispositivo m\u00f3vil.<br \/>En relaci\u00f3n con la protecci\u00f3n de tus datos personales para conocer m\u00e1s acerca de nuestra pol\u00edtica de privacidad te invitamos a conocer nuestro \u201cAviso de Privacidad\u201d, disponible en la APLICACI\u00d3N, mismo que generamos en cumplimiento de la Ley Federal de Protecci\u00f3n de Datos Personales en Posesi\u00f3n de los Particulares, y otros ordenamientos en la materia.<br \/>Cabe se\u00f1alar que no nos hacemos responsables por cualquier falla en las medidas de seguridad cuando dicho incumplimiento se deba a circunstancias fuera de nuestro control, caso fortuito o fuerza mayor.<br \/>Propiedad intelectual<br \/>La APLICACI\u00d3N, contiene elementos, gr\u00e1ficos, informaci\u00f3n y en general contenido protegido por derechos de autor, los tratados internacionales y las leyes aplicables en materia de propiedad intelectual y derechos de autor.<br \/>El usuario se compromete a respetar y dejar a salvo los derechos de terceros sobre los contenidos que se contengan en la APLICACI\u00d3N, en t\u00e9rminos de la Ley aplicable, por lo que, para su uso, usted deber\u00e1 de obtener las autorizaciones correspondientes directamente de los titulares de los derechos.<br \/>En caso de que alg\u00fan usuario o tercero consideren que cualquiera de los contenidos que se encuentren o sean introducidos en la APLICACI\u00d3N y\/o cualquiera de sus servicios, violen sus derechos de propiedad intelectual deber\u00e1n enviar una notificaci\u00f3n a la siguiente direcci\u00f3n contacto@habitan-t.com, en la que indiquen:<br \/>1. Datos personales ver\u00eddicos (nombre, direcci\u00f3n, n\u00famero de tel\u00e9fono y direcci\u00f3n de correo electr\u00f3nico del reclamante);<br \/>2. Firma aut\u00f3grafa con los datos personales del titular de los derechos de propiedad intelectual;<br \/>3. Indicaci\u00f3n precisa y completa del (los) contenido (s) protegido (s) mediante los derechos de propiedad intelectual supuestamente infringidos, as\u00ed como la localizaci\u00f3n de dichas violaciones en el sitio web referido;<br \/>4. Declaraci\u00f3n expresa y clara de que la introducci\u00f3n del (los) contenido (s) indicado (s) se ha realizado sin el consentimiento del titular de los derechos de propiedad intelectual supuestamente infringidos;<br \/>5. Declaraci\u00f3n expresa, clara y bajo la responsabilidad del reclamante de que la informaci\u00f3n proporcionada en la notificaci\u00f3n es exacta y de que la introducci\u00f3n del (los) contenido (s) constituye una violaci\u00f3n de dichos derechos.<br \/>Los datos personales y otra informaci\u00f3n como peticiones o comentarios que incorpores a la APLICACI\u00d3N, podr\u00e1n ser utilizados para la realizaci\u00f3n de informes estad\u00edsticos para el seguimiento de avances de Habitan-T, garantizando que tus peticiones y sugerencias ser\u00e1n atendidas para mejorar la calidad en la atenci\u00f3n, o habilitar nuevas funcionalidades para facilitar tu vida.<br \/>Formatos<br \/>Los usuarios reconocen que, al proporcionar la informaci\u00f3n de car\u00e1cter personal requerida en alguno de los servicios que se prestan en la APLICACI\u00d3N. En todos los casos, los usuarios responder\u00e1n por la veracidad de la informaci\u00f3n proporcionada a Gintec Aply S.A. de C.V.<\/p><p>El llenado de formularios de registro de usuario, de contacto, de registro de egresos e ingresos, de registro de personal, votaciones, avisos, soporte u otros similares en la APLICACI\u00d3N, estar\u00e1n regulados por estos \u201cT\u00e9rminos y Condiciones\u201d.<br \/>Errores, inexactitudes y omisiones.<br \/>En caso de haber informaci\u00f3n en nuestra APLICACI\u00d3N que contenga errores tipogr\u00e1ficos, inexactitudes u omisiones que puedan estar relacionadas con las descripciones de servicios, productos, precios, promociones, ofertas, accesibilidad. Nos reservamos el derecho de corregir los errores, inexactitudes u omisiones y de cambiar o actualizar la informaci\u00f3n o cancelar los servicios, si alguna informaci\u00f3n en la APLICACI\u00d3N es inexacta en cualquier momento sin previo aviso.<br \/>Violaciones.<br \/>Cualquier trasgresi\u00f3n a los \u201cT\u00e9rminos y Condiciones\u201d por parte de un usuario generar\u00e1n el derecho, en favor de Gintec Aply S.A. de C.V., en cualquier momento y sin necesidad de notificaci\u00f3n previa de ning\u00fan tipo, para suspender o terminar el uso de las funcionalidades de la aplicaci\u00f3n y\/o de retirarle o negarle el acceso a la aplicaci\u00f3n. Adem\u00e1s de los reclamos civiles, sanciones administrativas o penales, que pudieran corresponder.<br \/>Jurisdicci\u00f3n<br \/>El Usuario, al hacer uso de la APLICACI\u00d3N, acepta de manera expresa someterse, en caso de cualquier controversia, a la jurisdicci\u00f3n de los tribunales de la ciudad de Pachuca de Soto, Hidalgo, M\u00e9xico, as\u00ed como a las leyes sustantivas y procedimentales aplicables, para el caso concreto, vigentes en dicho lugar, renunciando expresamente a cualquier otra jurisdicci\u00f3n que por motivo de su nacionalidad, residencia o lugar de negocios pudiese corresponderle ahora o en el futuro.<br \/>Soporte t\u00e9cnico<br \/>Se brindar\u00e1 soporte t\u00e9cnico a los usuarios de la APLICACI\u00d3N, en su perfil de Vecino, Vigilante o Administrador\/Mesa Directiva, sin embargo, cuando se trate de procedimientos que el usuario pueda realizar desde su perfil y requiera asistencia para realizarlo directamente por el Departamento de Soporte de HABITAN-T, deber\u00e1 solicitarlo por escrito y enviarlo mediante solicitud firmada al correo: contacto@habitan-t.com, expresando su consentimiento y el procedimiento en el que requiere asistencia.<br \/>Aunado a lo anterior, trat\u00e1ndose de funcionalidades exclusivas del perfil de Administrador\/Mesa Directiva o Vigilante, el Administrador o Representante Legal respectivo, deber\u00e1 enviar su solicitud desde un correo oficial del Fraccionamiento del que se trate.<br \/>Los cambios realizados por solicitud de los usuarios en cualquiera de sus perfiles ser\u00e1 su absoluta responsabilidad, deslindando a Gintec Aply S.A. de C.V., de cualquier da\u00f1o o perjuicio que esto pudiera ocasionar.<br \/>Para brindarte orientaci\u00f3n acerca del uso de la APLICACI\u00d3N, ponemos a tu disposici\u00f3n los siguientes medios para soporte t\u00e9cnico, mismos que estar\u00e1n disponibles cualquier d\u00eda h\u00e1bil del a\u00f1o, en un horario de las 8:00 horas a las 17:00 horas (horario de la ciudad de M\u00e9xico).<br \/>Email: contacto@habitan-t.com<br \/>WhatsApp: +52 771 442 1189<br \/>Facebook: https:\/\/www.facebook.com\/habitanT\/<br \/>Actualizaci\u00f3n de los t\u00e9rminos y condiciones.<br \/>En cualquier momento estos t\u00e9rminos y condiciones pueden cambiar. Para revisar la versi\u00f3n actualizada podr\u00e1s consultarla en cualquier momento en la aplicaci\u00f3n, es tu responsabilidad consultarla peri\u00f3dicamente para verificar los cambios. El continuo uso que hagas de la aplicaci\u00f3n o el acceso al mismo despu\u00e9s de la publicaci\u00f3n de cualquier cambio constituye la aceptaci\u00f3n de dichos cambios.<br \/>Informaci\u00f3n de contacto.<br \/>Si tienes alguna pregunta acerca de los T\u00e9rminos y Condiciones de uso de la APLICACI\u00d3N, deben ser enviadas al correo electr\u00f3nico contacto@habitan-t.com adem\u00e1s que para brindarte una mayor orientaci\u00f3n podr\u00e1s comunicarte a los n\u00fameros telef\u00f3nicos 771 532 60 01 y 771 532 60 02.<\/p>\t\t\t\t\t\t<\/div>\n\t\t\t\t<\/div>\n\t\t\t\t\t<\/div>\n\t\t<\/div>\n\t\t\t\t\t\t\t<\/div>\n\t\t<\/section>\n\t\t\t\t\t\t\t<\/div>\n\t\t<div style='text-align:center' class='yasr-auto-insert-visitor'><\/div>","protected":false},"excerpt":{"rendered":"<p>T\u00e9rminos y Condiciones \u00daltima modificaci\u00f3n: octubre de 2022. Por medio del presente escrito se establecen los t\u00e9rminos y condiciones de uso de los contenidos y operaciones de la aplicaci\u00f3n m\u00f3vil HABITAN-T y dentro del sitio web https:\/\/app.habitan-t.com\/ y otros dominios, en adelante, la APLICACI\u00d3N.Esta APLICACI\u00d3N es propiedad y est\u00e1 operada por Gintec Aply S.A. de &hellip;<\/p>\n<p class=\"read-more\"> <a class=\"\" href=\"https:\/\/habitan-t.com\/index.php\/terminos-y-condiciones\/\"> <span class=\"screen-reader-text\">Terminos y condiciones<\/span> Leer m\u00e1s &raquo;<\/a><\/p>\n","protected":false},"author":1,"featured_media":0,"parent":0,"menu_order":0,"comment_status":"closed","ping_status":"closed","template":"","meta":{"_uag_custom_page_level_css":"","site-sidebar-layout":"no-sidebar","site-content-layout":"page-builder","ast-site-content-layout":"","site-content-style":"default","site-sidebar-style":"default","ast-global-header-display":"","ast-banner-title-visibility":"","ast-main-header-display":"","ast-hfb-above-header-display":"","ast-hfb-below-header-display":"","ast-hfb-mobile-header-display":"","site-post-title":"disabled","ast-breadcrumbs-content":"","ast-featured-img":"disabled","footer-sml-layout":"","theme-transparent-header-meta":"","adv-header-id-meta":"","stick-header-meta":"","header-above-stick-meta":"","header-main-stick-meta":"","header-below-stick-meta":"","astra-migrate-meta-layouts":"","yasr_overall_rating":0,"yasr_post_is_review":"","yasr_auto_insert_disabled":"","yasr_review_type":"","footnotes":""},"yasr_visitor_votes":{"stars_attributes":{"read_only":false,"span_bottom":false},"number_of_votes":0,"sum_votes":0},"uagb_featured_image_src":{"full":false,"thumbnail":false,"medium":false,"medium_large":false,"large":false,"1536x1536":false,"2048x2048":false,"mailpoet_newsletter_max":false,"woocommerce_thumbnail":false,"woocommerce_single":false,"woocommerce_gallery_thumbnail":false},"uagb_author_info":{"display_name":"gintec.development","author_link":"https:\/\/habitan-t.com\/index.php\/author\/gintec-development\/"},"uagb_comment_info":0,"uagb_excerpt":"T\u00e9rminos y Condiciones \u00daltima modificaci\u00f3n: octubre de 2022. Por medio del presente escrito se establecen los t\u00e9rminos y condiciones de uso de los contenidos y operaciones de la aplicaci\u00f3n m\u00f3vil HABITAN-T y dentro del sitio web https:\/\/app.habitan-t.com\/ y otros dominios, en adelante, la APLICACI\u00d3N.Esta APLICACI\u00d3N es propiedad y est\u00e1 operada por Gintec Aply S.A. de&hellip;","_links":{"self":[{"href":"https:\/\/habitan-t.com\/index.php\/wp-json\/wp\/v2\/pages\/558"}],"collection":[{"href":"https:\/\/habitan-t.com\/index.php\/wp-json\/wp\/v2\/pages"}],"about":[{"href":"https:\/\/habitan-t.com\/index.php\/wp-json\/wp\/v2\/types\/page"}],"author":[{"embeddable":true,"href":"https:\/\/habitan-t.com\/index.php\/wp-json\/wp\/v2\/users\/1"}],"replies":[{"embeddable":true,"href":"https:\/\/habitan-t.com\/index.php\/wp-json\/wp\/v2\/comments?post=558"}],"version-history":[{"count":11,"href":"https:\/\/habitan-t.com\/index.php\/wp-json\/wp\/v2\/pages\/558\/revisions"}],"predecessor-version":[{"id":1242,"href":"https:\/\/habitan-t.com\/index.php\/wp-json\/wp\/v2\/pages\/558\/revisions\/1242"}],"wp:attachment":[{"href":"https:\/\/habitan-t.com\/index.php\/wp-json\/wp\/v2\/media?parent=558"}],"curies":[{"name":"wp","href":"https:\/\/api.w.org\/{rel}","templated":true}]}}