{"id":3,"date":"2022-04-05T13:47:45","date_gmt":"2022-04-05T13:47:45","guid":{"rendered":"https:\/\/habitan-t.com\/?page_id=3"},"modified":"2023-05-19T14:39:32","modified_gmt":"2023-05-19T19:39:32","slug":"politica-privacidad","status":"publish","type":"page","link":"https:\/\/habitan-t.com\/index.php\/politica-privacidad\/","title":{"rendered":"Pol\u00edtica de privacidad"},"content":{"rendered":"\t\t<div data-elementor-type=\"wp-page\" data-elementor-id=\"3\" class=\"elementor elementor-3\">\n\t\t\t\t\t\t\t\t\t<section class=\"elementor-section elementor-top-section elementor-element elementor-element-2eb714ac elementor-section-boxed elementor-section-height-default elementor-section-height-default\" data-id=\"2eb714ac\" data-element_type=\"section\">\n\t\t\t\t\t\t<div class=\"elementor-container elementor-column-gap-default\">\n\t\t\t\t\t<div class=\"elementor-column elementor-col-100 elementor-top-column elementor-element elementor-element-7d8cc698\" data-id=\"7d8cc698\" data-element_type=\"column\">\n\t\t\t<div class=\"elementor-widget-wrap elementor-element-populated\">\n\t\t\t\t\t\t\t\t<div class=\"elementor-element elementor-element-2f082f0a elementor-widget elementor-widget-text-editor\" data-id=\"2f082f0a\" data-element_type=\"widget\" data-widget_type=\"text-editor.default\">\n\t\t\t\t<div class=\"elementor-widget-container\">\n\t\t\t<style>\/*! elementor - v3.6.2 - 04-04-2022 *\/\n.elementor-widget-text-editor.elementor-drop-cap-view-stacked .elementor-drop-cap{background-color:#818a91;color:#fff}.elementor-widget-text-editor.elementor-drop-cap-view-framed .elementor-drop-cap{color:#818a91;border:3px solid;background-color:transparent}.elementor-widget-text-editor:not(.elementor-drop-cap-view-default) .elementor-drop-cap{margin-top:8px}.elementor-widget-text-editor:not(.elementor-drop-cap-view-default) .elementor-drop-cap-letter{width:1em;height:1em}.elementor-widget-text-editor .elementor-drop-cap{float:left;text-align:center;line-height:1;font-size:50px}.elementor-widget-text-editor .elementor-drop-cap-letter{display:inline-block}<\/style>\t\t\t\t<p style=\"text-align: center; line-height: 150%;\" align=\"center\"><b><span lang=\"ES\">AVISO<br>DE PRIVACIDAD<\/span><\/b><\/p>\n<p style=\"text-align: right; line-height: 150%;\" align=\"right\"><a><\/a><span lang=\"ES\">&nbsp;<\/span><\/p>\n<p style=\"text-align: right; line-height: 150%;\" align=\"right\"><span lang=\"ES\">\u00daltima modificaci\u00f3n: Mayo de 2023.<\/span><\/p>\n<p style=\"text-align: justify; line-height: 150%;\"><span lang=\"ES\">&nbsp;<\/span><\/p>\n<p style=\"text-align: justify; line-height: 150%;\"><span lang=\"ES\">Agradecemos tu confianza al<br>proporcionarnos tu informaci\u00f3n personal y nos comprometemos a darle un<br>tratamiento transparente para brindarte un ambiente de seguridad al usar nuestra<br>aplicaci\u00f3n m\u00f3vil App Habitan-t, as\u00ed como nuestro sitio web <\/span><span lang=\"ES\"><a href=\"https:\/\/app.habitan-t.com\/\">https:\/\/app.habitan-t.com\/<\/a><\/span><span lang=\"ES\">, en lo sucesivo la<br>APLICACI\u00d3N.<\/span><\/p>\n<p style=\"text-align: justify; line-height: 150%;\">\n<\/p><p style=\"text-align: justify; line-height: 150%;\"><span lang=\"ES\">Por lo que, de acuerdo a la<br>legislaci\u00f3n aplicable en nuestro pa\u00eds, como lo es la Constituci\u00f3n Pol\u00edtica de<br>los Estados Unidos Mexicanos, la Ley Federal de Protecci\u00f3n de Datos Personales<br>en Posesi\u00f3n de los Particulares, su Reglamento, los Lineamientos del Aviso de<br>Privacidad, as\u00ed como est\u00e1ndares Nacionales e Internacionales en Materia de Protecci\u00f3n<br>de Datos Personales, Gintec Aply S.A. de C.V., pone a tu disposici\u00f3n el<br>siguiente Aviso de Privacidad.<\/span><\/p>\n<p style=\"text-align: justify; line-height: 150%;\"><span lang=\"ES\">&nbsp;<\/span><\/p>\n<p style=\"text-align: justify; line-height: 150%;\"><b><span lang=\"ES\">\u00bfQui\u00e9n<br>es el responsable de tus datos?<\/span><\/b><\/p>\n<p style=\"text-align: justify; line-height: 150%;\"><span lang=\"ES\">Gintec Aply S.A. de C.V.<b>,<\/b> es responsable del uso y protecci\u00f3n<br>de la informaci\u00f3n personal que nos proporciones, y tiene su domicilio para o\u00edr<br>y recibir notificaciones ubicado en calle Campo Deportivo n\u00famero 107, colonia<br>Santa Julia, Pachuca de Soto, Hidalgo, C.P. 42080.<b><\/b><\/span><\/p>\n<p style=\"text-align: justify; line-height: 150%;\"><b><span lang=\"ES\">&nbsp;<\/span><\/b><\/p>\n<p style=\"text-align: justify; line-height: 150%;\"><b><span lang=\"ES\">\u00bfCon<br>que finalidad recabamos tus datos personales?<\/span><\/b><\/p>\n<p style=\"text-align: justify; line-height: 150%;\"><span lang=\"ES\">Los datos personales que recabamos<br>de ti ser\u00e1n utilizados para las siguientes finalidades, las cuales son<br>necesarias para concretar nuestra relaci\u00f3n contigo, as\u00ed como brindarte los<br>productos, servicios y\/o beneficios que solicitas o contratas con nosotros:<\/span><\/p>\n<ul style=\"margin-top: 0cm;\" type=\"disc\">\n<li style=\"margin-bottom: 8.0pt; text-align: justify; line-height: 150%; mso-pagination: widow-orphan; mso-list: l0 level1 lfo1; text-autospace: ideograph-numeric ideograph-other;\"><span lang=\"ES\">Identificarte<br>y contactarte,<\/span><\/li>\n<li style=\"margin-bottom: 8.0pt; text-align: justify; line-height: 150%; mso-pagination: widow-orphan; mso-list: l0 level1 lfo1; text-autospace: ideograph-numeric ideograph-other;\"><span lang=\"ES\">Registrarte<br>en nuestros sistemas,<\/span><\/li>\n<li style=\"margin-bottom: 8.0pt; text-align: justify; line-height: 150%; mso-pagination: widow-orphan; mso-list: l0 level1 lfo1; text-autospace: ideograph-numeric ideograph-other;\"><span lang=\"ES\">Verificar<br>tu identidad en cumplimiento de exigencias legales,<\/span><\/li>\n<li style=\"margin-bottom: 8.0pt; text-align: justify; line-height: 150%; mso-pagination: widow-orphan; mso-list: l0 level1 lfo1; text-autospace: ideograph-numeric ideograph-other;\"><span lang=\"ES\">Validar,<br>actualizar y corregir tu informaci\u00f3n,<\/span><\/li>\n<li style=\"margin-bottom: 8.0pt; text-align: justify; line-height: 150%; mso-pagination: widow-orphan; mso-list: l0 level1 lfo1; text-autospace: ideograph-numeric ideograph-other;\"><span lang=\"ES\">Elaborar<br>y mantener un registro de las operaciones que realices, as\u00ed como<br>informarte acerca de las mismas y darle seguimiento correspondiente,<\/span><\/li>\n<li style=\"margin-bottom: 8.0pt; text-align: justify; line-height: 150%; mso-pagination: widow-orphan; mso-list: l0 level1 lfo1; text-autospace: ideograph-numeric ideograph-other;\"><span lang=\"ES\">Atender<br>tus comentarios, quejas y sugerencias, as\u00ed como brindarte soporte,<\/span><\/li>\n<li style=\"margin-bottom: 8.0pt; text-align: justify; line-height: 150%; mso-pagination: widow-orphan; mso-list: l0 level1 lfo1; text-autospace: ideograph-numeric ideograph-other;\"><span lang=\"ES\">Ofrecerte<br>servicios y funcionalidades que se adecuen mejor a tus necesidades, y<br>personalizar nuestros servicios para hacer que tu experiencia con Gintec<br>Aply S.A. de C.V., sea lo m\u00e1s c\u00f3moda posible.<\/span><\/li>\n<li style=\"margin-bottom: 8.0pt; text-align: justify; line-height: 150%; mso-pagination: widow-orphan; mso-list: l0 level1 lfo1; text-autospace: ideograph-numeric ideograph-other;\"><span lang=\"ES\">Darles<br>seguimiento a las cotizaciones de los productos que comercializa o<br>fabrique Gintec Aply S.A. de C.V.<\/span><\/li>\n<li style=\"margin-bottom: 8.0pt; text-align: justify; line-height: 150%; mso-pagination: widow-orphan; mso-list: l0 level1 lfo1; text-autospace: ideograph-numeric ideograph-other;\"><span lang=\"ES\">Darles<br>seguimiento a las solicitudes de asociaci\u00f3n con Gintec Aply S.A. de C.V.,<br>que realices.<\/span><\/li>\n<\/ul>\n<p style=\"text-align: justify; line-height: 150%;\"><span lang=\"ES\">Adem\u00e1s, como finalidades secundarias<br>para las cuales podemos utilizar tu informaci\u00f3n personal, tenemos:<\/span><\/p>\n<ul style=\"margin-top: 0cm;\" type=\"disc\">\n<li style=\"margin-bottom: 8.0pt; text-align: justify; line-height: 150%; mso-pagination: widow-orphan; mso-list: l2 level1 lfo2; tab-stops: list 36.0pt; text-autospace: ideograph-numeric ideograph-other;\"><span lang=\"ES\">Contactarte a trav\u00e9s de<br>diferentes canales (por correo electr\u00f3nico, mensajes cortos de texto<br>(SMS), mensajes push, llamadas telef\u00f3nicas o cualquier otro medio) para<br>finalidades publicitarias y\/o promocionales de productos y servicios de<br>Gintec Aply S.A. de C.V.<\/span><\/li>\n<li style=\"margin-bottom: 8.0pt; text-align: justify; line-height: 150%; mso-pagination: widow-orphan; mso-list: l2 level1 lfo2; tab-stops: list 36.0pt; text-autospace: ideograph-numeric ideograph-other;\"><span lang=\"ES\">Efectuar todo tipo de<br>actividades de mercadotecnia, publicidad, prospecci\u00f3n comercial y\/o<br>estudios de mercado.<\/span><\/li>\n<\/ul>\n<p style=\"text-align: justify; line-height: 150%;\"><b><span lang=\"ES\">&nbsp;<\/span><\/b><\/p>\n<p style=\"text-align: justify; line-height: 150%;\"><b><span lang=\"ES\">Tratamiento<br>de datos personales de menores de edad y personas en estado de interdicci\u00f3n o<br>incapacidad.<\/span><\/b><\/p>\n<p style=\"text-align: justify; line-height: 150%;\"><span lang=\"ES\">Los servicios de Habitan-T solo<br>estar\u00e1n disponibles para menores de<br>edad y personas en estado de interdicci\u00f3n o incapacidad, mediante el previo<br>consentimiento de la persona que ejerce la patria potestad, o en su<br>caso, del tutor o representante legal.<\/span><\/p>\n<p style=\"text-align: justify; line-height: 150%;\"><span lang=\"ES\">&nbsp;<\/span><\/p>\n<p style=\"text-align: justify; line-height: 150%;\"><span lang=\"ES\">Si est\u00e1s comprendido dentro de esta<br>categor\u00eda y no cuentas con el consentimiento de tu representante, no deber\u00e1s<br>suministrar su informaci\u00f3n personal.<\/span><\/p>\n<p style=\"text-align: justify; line-height: 150%;\"><span lang=\"ES\">&nbsp;<\/span><\/p>\n<p style=\"text-align: justify; line-height: 150%;\"><span lang=\"ES\">A trav\u00e9s de tu representante legal<br>podr\u00e1s tambi\u00e9n ejercer tus derechos de acceso, rectificaci\u00f3n, cancelaci\u00f3n y<br>oposici\u00f3n al tratamiento de tu Informaci\u00f3n Personal, as\u00ed como limitar el uso o<br>divulgaci\u00f3n de tus datos personales.<br><\/span><\/p>\n<p style=\"text-align: justify; line-height: 150%;\"><b><span lang=\"ES\">&nbsp;<\/span><\/b><\/p>\n<p style=\"text-align: justify; line-height: 150%;\"><b><span lang=\"ES\">&nbsp;<\/span><\/b><\/p>\n<p style=\"text-align: justify; line-height: 150%;\"><b style=\"font-style: inherit;\"><span lang=\"ES\">\u00bfQu\u00e9 informaci\u00f3n personal recabamos directamente del titular de los datos?<br>Para llevar a cabo las finalidades descritas en el presente Aviso de Privacidad, utilizaremos los siguientes datos personales:<br>Nombre completo o Alias; <br>Direcci\u00f3n de correo electr\u00f3nico;<br>Domicilio;<br>Datos de facturaci\u00f3n del fraccionamiento.<br>Fotograf\u00edas.<br>Datos recabados a trav\u00e9s de cookies: tipo de dispositivo utilizado para acceder al Sitio Web, tipo de navegador, sistema operativo, momento de acceso al Sitio Web, tiempo de navegaci\u00f3n en el Sitio Web, informaci\u00f3n consultada en la p\u00e1gina web.<br>Por datos de facturaci\u00f3n del fraccionamiento, nos referimos a foto de comprobantes de dep\u00f3sito, Registro Federal de Contribuyentes, estado de cuenta de cuotas de vecinos registrados, entre otros de la misma naturaleza.<br>Los datos personales descritos pueden constar en distintos documentos en formato impreso o digital, tales como: identificaci\u00f3n oficial vigente (credencial de elector, pasaporte, documento migratorio o licencia de conducir), Comprobante de dep\u00f3sito, comprobante de domicilio, estados de cuenta de cuotas vecinales. <br>El Titular manifiesta que los Datos Personales proporcionados al responsable son veraces y actualizados, as\u00ed mismo se obliga a comunicar a Gintec Aply S.A. de C.V., cualquier modificaci\u00f3n a los Datos Personales proporcionados con la mayor brevedad posible.<br>Los datos personales que Gintec Aply S.A. de C.V. recabe ser\u00e1 recopilada de forma voluntaria por el usuario mediante:<br>1.&nbsp;&nbsp;&nbsp; Nuestros formatos impresos, <br>2.&nbsp;&nbsp;&nbsp; V\u00eda correo electr\u00f3nico;<br>3.&nbsp;&nbsp;&nbsp; Entrevistas presenciales o telef\u00f3nicas con nuestro personal autorizado;<br>4.&nbsp;&nbsp;&nbsp; Ventanas de di\u00e1logo de nuestros Sitios Web;<br>5.&nbsp;&nbsp;&nbsp; Los formularios de la APLICACI\u00d3N y<br>6.&nbsp;&nbsp;&nbsp; La utilizaci\u00f3n de fuentes de acceso p\u00fablico, como las redes sociales, y de otras fuentes p\u00fablicas disponibles en el mercado.<br><\/span><\/b><\/p>\n<p style=\"text-align: justify; line-height: 150%;\"><b><span lang=\"ES\">Datos<br>sensibles <\/span><\/b><\/p>\n<p style=\"text-align: justify; line-height: 150%;\"><span lang=\"ES\">Gintec Aply S.A. de C.V., no<br>recabara datos personales sensibles, entendi\u00e9ndose por estos, aquellos datos<br>personales que afecten a la esfera m\u00e1s \u00edntima de su titular, o cuya utilizaci\u00f3n<br>indebida pueda dar origen a discriminaci\u00f3n o conlleve un riesgo grave para<br>\u00e9ste. En particular, se consideran sensibles aquellos que puedan revelar<br>aspectos como origen racial o \u00e9tnico, estado de salud presente y futuro,<br>informaci\u00f3n gen\u00e9tica, creencias religiosas, filos\u00f3ficas y morales, afiliaci\u00f3n<br>sindical, opiniones pol\u00edticas, preferencia sexual.<\/span><\/p>\n<p style=\"text-align: justify; line-height: 150%;\"><b><span lang=\"ES\">&nbsp;<\/span><\/b><\/p>\n<p style=\"text-align: justify; line-height: 150%;\"><b><span lang=\"ES\">Opciones<br>y medios para limitar el uso o divulgaci\u00f3n de tus datos personales<\/span><\/b><\/p>\n<p style=\"text-align: justify; line-height: 150%;\"><span lang=\"ES\">Usted podr\u00e1 limitar el uso que le<br>demos a su informaci\u00f3n personal en caso de no estar de acuerdo con alguna<br>finalidad de car\u00e1cter secundario, para lo cual se puede comunicar a nuestro<br>Departamento de Datos Personales al correo electr\u00f3nico <\/span><span lang=\"ES\"><a href=\"mailto:contacto@habitan-t.com\">contacto@habitan-t.com<\/a><\/span><span lang=\"ES\">&nbsp; adem\u00e1s que para brindar una mayor orientaci\u00f3n<br>podr\u00e1s comunicarte al&nbsp; n\u00famero telef\u00f3nico 771 442 11 89.<\/span><\/p>\n<p style=\"text-align: justify; line-height: 150%;\"><b><span lang=\"ES\">&nbsp;<\/span><\/b><\/p>\n<p style=\"text-align: justify; line-height: 150%;\"><b><span lang=\"ES\">De<br>la transferencia de tus datos.<\/span><\/b><\/p>\n<p style=\"text-align: justify; line-height: 150%;\"><span lang=\"ES\">Gintec Aply S.A. de C.V., podr\u00e1<br>transferir tus Datos Personales a sociedades subsidiarias o afiliadas, a una<br>sociedad matriz o a cualquier sociedad de Grupo \u00cdndigo en el entendido de que<br>se opera bajo los mismos procesos y pol\u00edticas internas en materia de protecci\u00f3n<br>de datos personales. <\/span><\/p>\n<p style=\"text-align: justify; line-height: 150%;\"><span lang=\"ES\">&nbsp;<\/span><\/p>\n<p style=\"text-align: justify; line-height: 150%;\"><span lang=\"ES\">Adem\u00e1s, Gintec Aply S.A. de<br>C.V.&nbsp; podr\u00e1 transferir tus Datos<br>Personales a los proveedores que subcontrate para la entrega de sus servicios,<br>ya sea para la gesti\u00f3n de servidores y\/o servicios tecnol\u00f3gicos, plataformas de<br>pago en l\u00ednea, o cualquier otro producto que el usuario solicit\u00e9 contratar,<br>como cuentas bancarias, seguros u otros servicios.<\/span><\/p>\n<p style=\"text-align: justify; line-height: 150%;\"><span lang=\"ES\">&nbsp;<\/span><\/p>\n<p style=\"text-align: justify; line-height: 150%;\"><span lang=\"ES\">De igual manera, tus datos ser\u00e1n<br>transferidos cuando la transferencia sea necesaria o legalmente exigida para la<br>salvaguarda de un inter\u00e9s p\u00fablico, o para la procuraci\u00f3n o administraci\u00f3n de<br>justicia; cuando la transferencia sea precisa para el reconocimiento, ejercicio<br>o defensa de un derecho en un proceso judicial, y cuando la transferencia sea<br>precisa para el mantenimiento o cumplimiento de una relaci\u00f3n jur\u00eddica entre el<br>responsable y el titular.<\/span><\/p>\n<p style=\"text-align: justify; line-height: 150%;\"><span lang=\"ES\">&nbsp;<\/span><\/p>\n<p style=\"text-align: justify; line-height: 150%;\"><span lang=\"ES\">Las anteriores transferencias no<br>requieren de tu consentimiento toda vez que se encuentran previstas en el<br>art\u00edculo 37 de la Ley Federal de Protecci\u00f3n de Datos Personales en Posesi\u00f3n de<br>los Particulares.<\/span><\/p>\n<p style=\"text-align: justify; line-height: 150%;\"><span lang=\"ES\">&nbsp;<\/span><\/p>\n<p style=\"text-align: justify; line-height: 150%;\"><span lang=\"ES\">Por otro lado, Gintec Aply S.A. de<br>C.V. podr\u00e1 transferir tus datos personales a personas f\u00edsicas o morales con los<br>que mantenga acuerdos comerciales vigentes, siempre y cuando sea con fines de<br>mantener el servicio a disposici\u00f3n del cliente. En caso de que, no estes de<br>acuerdo con este p\u00e1rrafo debes enviar un correo a <\/span><span lang=\"ES\"><a href=\"mailto:contacto@habitan-t.com\">contacto@habitan-t.com<\/a><\/span><span lang=\"ES\">, en el entendido de que has<br>autorizado la transferencia de no recibir tu negativa dentro de los siguientes<br>5 d\u00edas h\u00e1biles, sin embargo, podr\u00e1s revocar tu consentimiento en cualquier<br>momento a trav\u00e9s del mismo medio.<\/span><\/p>\n<p style=\"text-align: justify; line-height: 150%;\"><span lang=\"ES\">&nbsp;<\/span><\/p>\n<p style=\"text-align: justify; line-height: 150%;\"><b><span lang=\"ES\">\u00bfC\u00f3mo<br>podr\u00e1s consultar y\/o ejercer tus derechos de acceso, rectificaci\u00f3n, cancelaci\u00f3n<br>y oposici\u00f3n al tratamiento de tu Informaci\u00f3n Personal?<\/span><\/b><\/p>\n<p style=\"text-align: justify; line-height: 150%;\"><span lang=\"ES\">Podr\u00e1s realizar consultas y\/o<br>ejercer los derechos de acceso, rectificaci\u00f3n, cancelaci\u00f3n y oposici\u00f3n al<br>tratamiento de tu Informaci\u00f3n Personal, as\u00ed como revocar tu consentimiento en<br>los t\u00e9rminos permitidos por la normativa aplicable, mediante una solicitud<br>dirigida a nuestro Departamento de Datos Personales al correo electr\u00f3nico <\/span><span lang=\"ES\"><a href=\"mailto:contacto@habitan-t.com\">contacto@habitan-t.com<\/a><\/span><span lang=\"ES\">&nbsp; adem\u00e1s que para brindar una mayor orientaci\u00f3n<br>podr\u00e1s comunicarte al tel\u00e9fono 771 532 60 01 as\u00ed como al 771 532 60 02.<\/span><\/p>\n<p style=\"text-align: justify; line-height: 150%;\"><span lang=\"ES\">&nbsp;<\/span><\/p>\n<p style=\"text-align: justify; line-height: 150%;\"><span lang=\"ES\">Tu solicitud de consulta deber\u00e1<br>contener tu nombre, domicilio y correo electr\u00f3nico u otro medio para<br>comunicarte la respuesta, y en caso de que desees ejercer alg\u00fan derecho, tu<br>solicitud deber\u00e1 contener tu nombre, domicilio y correo electr\u00f3nico u otro<br>medio para comunicarte la respuesta a tu solicitud, documentos que acrediten tu<br>identidad o, en su caso, la representaci\u00f3n legal que otorgaste, descripci\u00f3n<br>clara y precisa de los datos personales respecto de los derechos que buscas ejercer<br>y cualquier otro elemento o documento que facilite la localizaci\u00f3n de tus datos<br>personales. El plazo para darte respuesta se contar\u00e1 a partir de que el<br>Departamento de Datos Personales reciba tu solicitud y ser\u00e1 de 20 d\u00edas h\u00e1biles,<br>si resulta procedente, se har\u00e1 efectiva dentro de los 15 d\u00edas h\u00e1biles<br>siguientes a la fecha en que se te comunique la respuesta. <\/span><\/p>\n<p style=\"text-align: justify; line-height: 150%;\"><span lang=\"ES\">&nbsp;<\/span><\/p>\n<p style=\"text-align: justify; line-height: 150%;\"><b><span lang=\"ES\">\u00bfC\u00f3mo<br>te comunicaremos las modificaciones que se realicen a este Aviso de Privacidad?<\/span><\/b><\/p>\n<p style=\"text-align: justify; line-height: 150%;\"><span lang=\"ES\">Gintec Aply S.A. de C.V. realizara<br>modificaciones peri\u00f3dicas al presente Aviso de Privacidad, estas<br>actualizaciones reflejaran la forma en que tu informaci\u00f3n personal es tratada,<br>mismas que estar\u00e1n disponibles para tu consulta en el sitio web <\/span><span lang=\"ES\"><a href=\"https:\/\/habitan-t.com\/\">https:\/\/habitan-t.com\/<\/a><\/span><span lang=\"ES\">. <\/span><\/p>\n<p style=\"text-align: justify; line-height: 150%;\"><span lang=\"ES\">&nbsp;<\/span><\/p>\n<p style=\"text-align: justify; line-height: 150%;\"><span lang=\"ES\">En los casos en los que requiramos<br>tu consentimiento te lo haremos saber por medio de correo electr\u00f3nico o<br>mensajes a trav\u00e9s de nuestra aplicaci\u00f3n, o los canales de comunicaci\u00f3n<br>oficiales. <\/span><\/p>\n<h1 style=\"margin-left: 0cm;\"><span lang=\"ES\" style=\"font-size: 11.0pt;\">&nbsp;<\/span><\/h1>\t\t\t\t\t\t<\/div>\n\t\t\t\t<\/div>\n\t\t\t\t\t<\/div>\n\t\t<\/div>\n\t\t\t\t\t\t\t<\/div>\n\t\t<\/section>\n\t\t\t\t\t\t\t<\/div>\n\t\t<div style='text-align:center' class='yasr-auto-insert-visitor'><\/div>","protected":false},"excerpt":{"rendered":"<p>AVISODE PRIVACIDAD &nbsp; \u00daltima modificaci\u00f3n: Mayo de 2023. &nbsp; Agradecemos tu confianza alproporcionarnos tu informaci\u00f3n personal y nos comprometemos a darle untratamiento transparente para brindarte un ambiente de seguridad al usar nuestraaplicaci\u00f3n m\u00f3vil App Habitan-t, as\u00ed como nuestro sitio web https:\/\/app.habitan-t.com\/, en lo sucesivo laAPLICACI\u00d3N. Por lo que, de acuerdo a lalegislaci\u00f3n aplicable en nuestro &hellip;<\/p>\n<p class=\"read-more\"> <a class=\"\" href=\"https:\/\/habitan-t.com\/index.php\/politica-privacidad\/\"> <span class=\"screen-reader-text\">Pol\u00edtica de privacidad<\/span> Leer m\u00e1s &raquo;<\/a><\/p>\n","protected":false},"author":1,"featured_media":0,"parent":0,"menu_order":0,"comment_status":"closed","ping_status":"open","template":"","meta":{"_uag_custom_page_level_css":"","site-sidebar-layout":"default","site-content-layout":"","ast-site-content-layout":"","site-content-style":"default","site-sidebar-style":"default","ast-global-header-display":"","ast-banner-title-visibility":"","ast-main-header-display":"","ast-hfb-above-header-display":"","ast-hfb-below-header-display":"","ast-hfb-mobile-header-display":"","site-post-title":"","ast-breadcrumbs-content":"","ast-featured-img":"","footer-sml-layout":"","theme-transparent-header-meta":"","adv-header-id-meta":"","stick-header-meta":"","header-above-stick-meta":"","header-main-stick-meta":"","header-below-stick-meta":"","astra-migrate-meta-layouts":"","yasr_overall_rating":0,"yasr_post_is_review":"","yasr_auto_insert_disabled":"","yasr_review_type":"","footnotes":""},"yasr_visitor_votes":{"stars_attributes":{"read_only":false,"span_bottom":false},"number_of_votes":0,"sum_votes":0},"uagb_featured_image_src":{"full":false,"thumbnail":false,"medium":false,"medium_large":false,"large":false,"1536x1536":false,"2048x2048":false,"mailpoet_newsletter_max":false,"woocommerce_thumbnail":false,"woocommerce_single":false,"woocommerce_gallery_thumbnail":false},"uagb_author_info":{"display_name":"gintec.development","author_link":"https:\/\/habitan-t.com\/index.php\/author\/gintec-development\/"},"uagb_comment_info":0,"uagb_excerpt":"AVISODE PRIVACIDAD &nbsp; \u00daltima modificaci\u00f3n: Mayo de 2023. &nbsp; Agradecemos tu confianza alproporcionarnos tu informaci\u00f3n personal y nos comprometemos a darle untratamiento transparente para brindarte un ambiente de seguridad al usar nuestraaplicaci\u00f3n m\u00f3vil App Habitan-t, as\u00ed como nuestro sitio web https:\/\/app.habitan-t.com\/, en lo sucesivo laAPLICACI\u00d3N. Por lo que, de acuerdo a lalegislaci\u00f3n aplicable en nuestro&hellip;","_links":{"self":[{"href":"https:\/\/habitan-t.com\/index.php\/wp-json\/wp\/v2\/pages\/3"}],"collection":[{"href":"https:\/\/habitan-t.com\/index.php\/wp-json\/wp\/v2\/pages"}],"about":[{"href":"https:\/\/habitan-t.com\/index.php\/wp-json\/wp\/v2\/types\/page"}],"author":[{"embeddable":true,"href":"https:\/\/habitan-t.com\/index.php\/wp-json\/wp\/v2\/users\/1"}],"replies":[{"embeddable":true,"href":"https:\/\/habitan-t.com\/index.php\/wp-json\/wp\/v2\/comments?post=3"}],"version-history":[{"count":7,"href":"https:\/\/habitan-t.com\/index.php\/wp-json\/wp\/v2\/pages\/3\/revisions"}],"predecessor-version":[{"id":1247,"href":"https:\/\/habitan-t.com\/index.php\/wp-json\/wp\/v2\/pages\/3\/revisions\/1247"}],"wp:attachment":[{"href":"https:\/\/habitan-t.com\/index.php\/wp-json\/wp\/v2\/media?parent=3"}],"curies":[{"name":"wp","href":"https:\/\/api.w.org\/{rel}","templated":true}]}}