{"id":2,"date":"2022-04-05T13:47:45","date_gmt":"2022-04-05T13:47:45","guid":{"rendered":"https:\/\/habitan-t.com\/?page_id=2"},"modified":"2024-08-01T19:52:05","modified_gmt":"2024-08-02T00:52:05","slug":"terminos-y-condiciones-spaces","status":"publish","type":"page","link":"https:\/\/habitan-t.com\/index.php\/terminos-y-condiciones-spaces\/","title":{"rendered":"Terminos y condiciones spaces app"},"content":{"rendered":"\n<p>Con la finalidad de mejorar nuestros servicios y ofrecerte una experiencia personalizada <strong>SPACES<\/strong> nunca entregar\u00e1, revelar\u00e1 ni podr\u00e1 a disposici\u00f3n de terceros los datos personales de sus usuarios individualizados bajo ninguna circunstancia.<\/p>\n\n\n\n<p>El acceso a los datos personales de los usuarios solo estar\u00e1 habilitado para aquellos empleados, contratistas, representantes y agentes de <strong>SPACES<\/strong>, que requieran acceder a estos para el desempe\u00f1o sus funciones, prohibi\u00e9ndose el acceso, modificaci\u00f3n o divulgaci\u00f3n de la informaci\u00f3n por cualquier persona no autorizada por<strong> SPACES<\/strong> o el propio usuario.<\/p>\n\n\n\n<p>El tratamiento de los datos est\u00e1ticos y de uso de SPACES ser\u00e1 solamente con fines estad\u00edsticos.<\/p>\n\n\n\n<p><strong>GINTEC APLY S.A.DE C.V<\/strong>, es el responsable del uso y protecci\u00f3n de sus datos personales, y al respecto le informamos lo siguiente:<\/p>\n\n\n\n<p><strong>\u00bfPara qu\u00e9 fines utilizaremos sus datos personales?<\/strong><\/p>\n\n\n\n<p>Los datos personales que recabamos de usted, los utilizaremos para las siguientes finalidades que son necesarias para el servicio que solicita:<\/p>\n\n\n\n<p>\u2022 Uso externo de m\u00e9todos de pago<\/p>\n\n\n\n<p>De manera adicional, utilizaremos su informaci\u00f3n personal para las siguientes finalidades secundarias que no son necesarias para el servicio solicitado, pero que nos permiten y facilitan brindarle una mejor atenci\u00f3n:<\/p>\n\n\n\n<p>\u2022 Informaci\u00f3n personal de los usuarios<\/p>\n\n\n\n<p>\u2022 Ubicaci\u00f3n de propiedades por medio de GPS de Smartphone<\/p>\n\n\n\n<p>\u2022 Protecci\u00f3n remota de las propiedades del usuario con entidades p\u00fablicas o privadas<\/p>\n\n\n\n<p>\u2022 Marketing por medio de ubicaci\u00f3n<\/p>\n\n\n\n<p>\u2022 Mercadotecnia o publicitaria<\/p>\n\n\n\n<p>En caso de que no desee que sus datos personales sean tratados para estos fines secundarios, desde este momento usted nos puede comunicar lo anterior a trav\u00e9s del siguiente mecanismo:<\/p>\n\n\n\n<p>\uf0b7 Mal uso de datos<\/p>\n\n\n\n<p>La negativa para el uso de sus datos personales para estas finalidades no podr\u00e1 ser un motivo para que le neguemos los servicios y productos que solicita o contrata con nosotros.<\/p>\n\n\n\n<p>\u00bfQu\u00e9 datos personales utilizaremos para estos fines?<\/p>\n\n\n\n<p>Para llevar a cabo las finalidades descritas en el presente aviso de privacidad, utilizaremos nuestros siguientes datos personales:<\/p>\n\n\n\n<p>Calle Campo Deportivo #107<\/p>\n\n\n\n<p>Col. Santa Julia, Pachuca de Soto<\/p>\n\n\n\n<p>C.P. 42080<\/p>\n\n\n\n<p>&nbsp;Tel.: (771) 532 6001<\/p>\n\n\n\n<p>contacto@gpoindigo.com<\/p>\n\n\n\n<p>www.gpoindigo.com<\/p>\n\n\n\n<p>\u2022 Datos de identificaci\u00f3n<\/p>\n\n\n\n<p>\u2022 Datos de contacto<\/p>\n\n\n\n<p>\u2022 Datos sobre caracter\u00edsticas f\u00edsicas<\/p>\n\n\n\n<p>\u2022 Datos patrimoniales y\/o financieros<\/p>\n\n\n\n<p><strong>\u00bfC\u00f3mo puede acceder, rectificar o cancelar sus datos personales, u oponerse a su uso?<\/strong><\/p>\n\n\n\n<p>Usted tiene derecho a conocer qu\u00e9 datos personales tenemos de usted, para qu\u00e9 los utilizamos y las condiciones del uso que les damos (Acceso). Asimismo, es su derecho solicitar la correcci\u00f3n de su informaci\u00f3n personal en caso de que est\u00e9 desactualizada, sea inexacta o incompleta (Rectificaci\u00f3n); que la eliminemos de nuestros registros o bases de datos cuando considere que la misma no est\u00e1 siendo utilizada adecuadamente (Cancelaci\u00f3n); as\u00ed como oponerse al uso de sus datos personales para fines espec\u00edficos (Oposici\u00f3n). Estos derechos se conocen como derechos ARCO.<\/p>\n\n\n\n<p>Para el ejercicio de cualquiera de los derechos ARCO, usted deber\u00e1 presentar la solicitud respectiva a trav\u00e9s de los siguientes medios:<\/p>\n\n\n\n<p>\uf0b7 Telef\u00f3nico, correo electr\u00f3nico<\/p>\n\n\n\n<p>Para conocer el procedimiento y requisitos para el ejercicio de los derechos ARCO, ponemos a su disposici\u00f3n el siguiente medio:<\/p>\n\n\n\n<p>\uf0b7 V\u00eda telef\u00f3nica<\/p>\n\n\n\n<p>Los datos de contacto de la persona o departamento de datos personales, que est\u00e1 a cargo de dar tr\u00e1mite a las solicitudes de derechos ARCO, son los siguientes:<\/p>\n\n\n\n<p>a) Nombre de la persona o departamento de datos personales: Departamento de<\/p>\n\n\n\n<p>desarrollo y control de informaci\u00f3n<\/p>\n\n\n\n<p>b) Domicilio: calle Campo deportivo #107, colonia Santa Julia, ciudad Pachuca de Soto, municipio o delegaci\u00f3n Pachuca, C.P. 42084, en la entidad de Hidalgo, pa\u00eds M\u00e9xico<\/p>\n\n\n\n<p>c) Correo electr\u00f3nico: contacto@habitan-t.com<\/p>\n\n\n\n<p>d) N\u00famero telef\u00f3nico: 7715326001<\/p>\n\n\n\n<p>e) Otro dato de contacto: www.ginteaply.com<\/p>\n\n\n\n<p>Usted puede revocar su consentimiento para el uso de sus datos personales<\/p>\n\n\n\n<p>Usted puede revocar el consentimiento que, en su caso, nos haya otorgado para el tratamiento de sus datos personales. Sin embargo, es importante que tenga en cuenta que no en todos los casos podremos atender su solicitud o concluir el uso de forma inmediata, ya que es posible que por alguna obligaci\u00f3n legal requiramos seguir tratando sus datos personales.<\/p>\n\n\n\n<p>Asimismo, usted deber\u00e1 considerar que para ciertos fines, la revocaci\u00f3n de su consentimiento implicar\u00e1 que no le podamos seguir prestando el servicio que nos solicit\u00f3, o la conclusi\u00f3n de su relaci\u00f3n con nosotros.<\/p>\n\n\n\n<p>Calle Campo deportivo #107<\/p>\n\n\n\n<p>Col. Santa Julia, Pachuca de Soto<\/p>\n\n\n\n<p>C.P. 42084<\/p>\n\n\n\n<p>&nbsp;Tel.: &nbsp;(771) 532 6001<\/p>\n\n\n\n<p>contacto@gpoindigo.com<\/p>\n\n\n\n<p>www.gpoindigo.com<\/p>\n\n\n\n<p>Para revocar su consentimiento deber\u00e1 presentar su solicitud a trav\u00e9s del siguiente medio:<\/p>\n\n\n\n<p>\uf0b7 N\u00famero telef\u00f3nico y\/o correo electr\u00f3nico<\/p>\n\n\n\n<p>Para conocer el procedimiento y requisitos para la revocaci\u00f3n del consentimiento, ponemos a su disposici\u00f3n el siguiente medio: <a href=\"mailto:contacto@habitan-t.com\">contacto@habitan-t.com<\/a><\/p>\n\n\n\n<p><strong>\u00bfC\u00f3mo puede limitar el uso o divulgaci\u00f3n de su informaci\u00f3n personal?<\/strong><\/p>\n\n\n\n<p>Con objeto de que usted pueda limitar el uso y divulgaci\u00f3n de su informaci\u00f3n personal, le ofrecemos los siguientes medios:<\/p>\n\n\n\n<p>En la aplicaci\u00f3n m\u00f3vil de SPACES.<\/p>\n\n\n\n<p>El uso de tecnolog\u00edas de rastreo en nuestro portal de internet<\/p>\n\n\n\n<p>Le informamos que en nuestra p\u00e1gina de internet utilizamos cookies, web beacons u otras tecnolog\u00edas, a trav\u00e9s de las cuales es posible monitorear su comportamiento como usuario de internet, as\u00ed como brindarle un mejor servicio y experiencia al navegar en nuestra p\u00e1gina. Los datos personales que recabamos a trav\u00e9s de estas tecnolog\u00edas, los utilizaremos para los siguientes fines:Mejora de la aplicaci\u00f3n y sitio web Target<\/p>\n\n\n\n<p>Los datos personales que obtenemos de estas tecnolog\u00edas de rastreo son los siguientes:<\/p>\n\n\n\n<p>A. Identificadores, nombre de usuario y contrase\u00f1as de una sesi\u00f3n.<\/p>\n\n\n\n<p>B. Regi\u00f3n en la que se encuentra el usuario.<\/p>\n\n\n\n<p>C. Fecha y hora del inicio y final de una sesi\u00f3n de un usuario.<\/p>\n\n\n\n<p>D. Publicidad revisada por un usuario<\/p>\n\n\n\n<p><strong>\u00bfC\u00f3mo puede conocer los cambios en este aviso de privacidad?<\/strong><\/p>\n\n\n\n<p>El presente aviso de privacidad puede sufrir modificaciones, cambios o actualizaciones derivadas de nuevos requerimientos legales; de nuestras propias necesidades por los productos o servicios que ofrecemos; de nuestras pr\u00e1cticas de privacidad; de cambios en nuestro modelo de negocio, o por otras causas.<\/p>\n\n\n\n<p>Nos comprometemos a mantenerlo informado sobre los cambios que pueda sufrir el presente aviso de privacidad, a trav\u00e9s de: www.habitan-T.com<\/p>\n\n\n\n<p>El procedimiento a trav\u00e9s del cual se llevar\u00e1n a cabo las notificaciones sobre cambios o actualizaciones al presente aviso de privacidad es el siguiente:<\/p>\n\n\n\n<p>\uf0b7 Notificaciones emergentes<\/p>\n\n\n\n<p>\u00daltima actualizaci\u00f3n: 01\/08\/2024<\/p>\n<div style='text-align:center' class='yasr-auto-insert-visitor'><\/div>","protected":false},"excerpt":{"rendered":"<p>Con la finalidad de mejorar nuestros servicios y ofrecerte una experiencia personalizada SPACES nunca entregar\u00e1, revelar\u00e1 ni podr\u00e1 a disposici\u00f3n de terceros los datos personales de sus usuarios individualizados bajo ninguna circunstancia. El acceso a los datos personales de los usuarios solo estar\u00e1 habilitado para aquellos empleados, contratistas, representantes y agentes de SPACES, que requieran &hellip;<\/p>\n<p class=\"read-more\"> <a class=\"\" href=\"https:\/\/habitan-t.com\/index.php\/terminos-y-condiciones-spaces\/\"> <span class=\"screen-reader-text\">Terminos y condiciones spaces app<\/span> Leer m\u00e1s &raquo;<\/a><\/p>\n","protected":false},"author":1,"featured_media":0,"parent":0,"menu_order":0,"comment_status":"closed","ping_status":"closed","template":"","meta":{"_uag_custom_page_level_css":"","site-sidebar-layout":"default","site-content-layout":"","ast-site-content-layout":"default","site-content-style":"default","site-sidebar-style":"default","ast-global-header-display":"","ast-banner-title-visibility":"","ast-main-header-display":"","ast-hfb-above-header-display":"","ast-hfb-below-header-display":"","ast-hfb-mobile-header-display":"","site-post-title":"","ast-breadcrumbs-content":"","ast-featured-img":"","footer-sml-layout":"","theme-transparent-header-meta":"","adv-header-id-meta":"","stick-header-meta":"","header-above-stick-meta":"","header-main-stick-meta":"","header-below-stick-meta":"","astra-migrate-meta-layouts":"set","yasr_overall_rating":0,"yasr_post_is_review":"","yasr_auto_insert_disabled":"","yasr_review_type":"","footnotes":""},"yasr_visitor_votes":{"stars_attributes":{"read_only":false,"span_bottom":false},"number_of_votes":0,"sum_votes":0},"uagb_featured_image_src":{"full":false,"thumbnail":false,"medium":false,"medium_large":false,"large":false,"1536x1536":false,"2048x2048":false,"mailpoet_newsletter_max":false,"woocommerce_thumbnail":false,"woocommerce_single":false,"woocommerce_gallery_thumbnail":false},"uagb_author_info":{"display_name":"gintec.development","author_link":"https:\/\/habitan-t.com\/index.php\/author\/gintec-development\/"},"uagb_comment_info":0,"uagb_excerpt":"Con la finalidad de mejorar nuestros servicios y ofrecerte una experiencia personalizada SPACES nunca entregar\u00e1, revelar\u00e1 ni podr\u00e1 a disposici\u00f3n de terceros los datos personales de sus usuarios individualizados bajo ninguna circunstancia. El acceso a los datos personales de los usuarios solo estar\u00e1 habilitado para aquellos empleados, contratistas, representantes y agentes de SPACES, que requieran&hellip;","_links":{"self":[{"href":"https:\/\/habitan-t.com\/index.php\/wp-json\/wp\/v2\/pages\/2"}],"collection":[{"href":"https:\/\/habitan-t.com\/index.php\/wp-json\/wp\/v2\/pages"}],"about":[{"href":"https:\/\/habitan-t.com\/index.php\/wp-json\/wp\/v2\/types\/page"}],"author":[{"embeddable":true,"href":"https:\/\/habitan-t.com\/index.php\/wp-json\/wp\/v2\/users\/1"}],"replies":[{"embeddable":true,"href":"https:\/\/habitan-t.com\/index.php\/wp-json\/wp\/v2\/comments?post=2"}],"version-history":[{"count":1,"href":"https:\/\/habitan-t.com\/index.php\/wp-json\/wp\/v2\/pages\/2\/revisions"}],"predecessor-version":[{"id":1806,"href":"https:\/\/habitan-t.com\/index.php\/wp-json\/wp\/v2\/pages\/2\/revisions\/1806"}],"wp:attachment":[{"href":"https:\/\/habitan-t.com\/index.php\/wp-json\/wp\/v2\/media?parent=2"}],"curies":[{"name":"wp","href":"https:\/\/api.w.org\/{rel}","templated":true}]}}